{"id":14,"date":"2011-02-15T01:02:10","date_gmt":"2011-02-15T00:02:10","guid":{"rendered":"http:\/\/www.traellerpfeifen.de\/?page_id=14"},"modified":"2023-10-25T18:48:38","modified_gmt":"2023-10-25T18:48:38","slug":"ber-uns","status":"publish","type":"page","link":"https:\/\/www.traellerpfeifen.de\/?page_id=14","title":{"rendered":"\u00dcber uns"},"content":{"rendered":"<h3>Selbstverst\u00e4ndnis<\/h3>\n<p>Wir, die Tr\u00e4llerpfeifen, sind eine bunte Gruppe von schwulen M\u00e4nnern mit Lust am gemeinsamen Singen. Wir nehmen unseren Gesang ernst &#8211; uns selbst umso weniger. Aber auch wer nicht singen kann oder einfach keine Zeit zum regelm\u00e4\u00dfigen Proben hat, darf sich uns gerne <a href=\".\/?page_id=569#documents\">anschlie\u00dfen<\/a>.<\/p>\n<p>Wir singen meist 4-stimmige Lieder mit oder ohne Klavierbegleitung. Die mehr oder weniger bekannten Lieder werden speziell f\u00fcr die Tr\u00e4llerpfeifen arrangiert. Das Spektrum reicht von Schlager \u00fcber Pop bis zu bekannten Musicalst\u00fccken, zum Teil mit eigenen Texten.<\/p>\n<p>Dazu auch ein <a href=\"http:\/\/gaycon.de\/interviews\/tr\u00e4llerpfeifen\/\">Interview bei gaycon.de<\/a>.<\/p>\n<h3>Repertoire<\/h3>\n<p>Wir singen viel, wir singen gerne &#8211; und wir singen auch gerne f\u00fcr Sie! Zur musikalischen Umrahmung von Hochzeiten und Jubil\u00e4en oder auch mit abendf\u00fcllendem Programm k\u00f6nnen Sie uns gerne <a href=\"mailto:info@traellerpfeifen.de?subject=Buchungsanfrage\">buchen<\/a>.<\/p>\n<p>Hier eine kleine Auswahl unseres aktuellen Repertoires aus Schlager, Pop und Musical:<\/p>\n<ul>\n<li>Origin of love<\/li>\n<li>It&#8217;s all coming back<\/li>\n<li>Kann denn Liebe S\u00fcnde sein<\/li>\n<li>Roar<\/li>\n<li>F\u00fcr immer und dich<\/li>\n<li>This is me<\/li>\n<\/ul>\n<h3>Chorleitung<\/h3>\n<p>Auch wenn er anfangs eigentlich nur mitsingen wollte, sind wir doch alle froh, dass <a href=\"http:\/\/hans-leinberger.de\">Hans-Georg Leinberger<\/a> die Chorleitung \u00fcbernommen hat. Dar\u00fcber hinaus stammen auch fast alle unserer Arrangements aus seiner Feder.<\/p>\n","protected":false},"excerpt":{"rendered":"<p>Selbstverst\u00e4ndnis Wir, die Tr\u00e4llerpfeifen, sind eine bunte Gruppe von schwulen M\u00e4nnern mit Lust am gemeinsamen Singen. Wir nehmen unseren Gesang ernst &#8211; uns selbst umso weniger. Aber auch wer nicht singen kann oder einfach keine Zeit zum regelm\u00e4\u00dfigen Proben hat, darf sich uns gerne anschlie\u00dfen. Wir singen meist 4-stimmige Lieder mit oder ohne Klavierbegleitung. Die [&hellip;]<\/p>\n","protected":false},"author":753,"featured_media":0,"parent":0,"menu_order":0,"comment_status":"closed","ping_status":"closed","template":"","meta":{"ngg_post_thumbnail":0,"footnotes":""},"class_list":["post-14","page","type-page","status-publish","hentry"],"_links":{"self":[{"href":"https:\/\/www.traellerpfeifen.de\/index.php?rest_route=\/wp\/v2\/pages\/14","targetHints":{"allow":["GET"]}}],"collection":[{"href":"https:\/\/www.traellerpfeifen.de\/index.php?rest_route=\/wp\/v2\/pages"}],"about":[{"href":"https:\/\/www.traellerpfeifen.de\/index.php?rest_route=\/wp\/v2\/types\/page"}],"author":[{"embeddable":true,"href":"https:\/\/www.traellerpfeifen.de\/index.php?rest_route=\/wp\/v2\/users\/753"}],"replies":[{"embeddable":true,"href":"https:\/\/www.traellerpfeifen.de\/index.php?rest_route=%2Fwp%2Fv2%2Fcomments&post=14"}],"version-history":[{"count":25,"href":"https:\/\/www.traellerpfeifen.de\/index.php?rest_route=\/wp\/v2\/pages\/14\/revisions"}],"predecessor-version":[{"id":2166,"href":"https:\/\/www.traellerpfeifen.de\/index.php?rest_route=\/wp\/v2\/pages\/14\/revisions\/2166"}],"wp:attachment":[{"href":"https:\/\/www.traellerpfeifen.de\/index.php?rest_route=%2Fwp%2Fv2%2Fmedia&parent=14"}],"curies":[{"name":"wp","href":"https:\/\/api.w.org\/{rel}","templated":true}]}}