{"id":22,"date":"2011-02-15T12:29:09","date_gmt":"2011-02-15T11:29:09","guid":{"rendered":"http:\/\/www.traellerpfeifen.de\/?page_id=22"},"modified":"2023-05-27T19:18:24","modified_gmt":"2023-05-27T19:18:24","slug":"organisatorisches","status":"publish","type":"page","link":"https:\/\/www.traellerpfeifen.de\/?page_id=22","title":{"rendered":"Proben"},"content":{"rendered":"<h3>Unsere Chorprobe findet statt:<\/h3>\n<table>\n<tbody>\n<tr>\n<td>Zeit:<\/td>\n<td>Donnerstag, 19.30 &#8211; 21.30 Uhr<\/td>\n<\/tr>\n<tr>\n<td>Ort:<\/td>\n<td><a href=\"https:\/\/www.nuernberg.de\/internet\/suedpunkt\/\">S\u00fcdpunkt<\/a><\/td>\n<\/tr>\n<tr>\n<td><\/td>\n<td>Pillenreuther Stra\u00dfe 147<\/td>\n<\/tr>\n<tr>\n<td><\/td>\n<td>90459 N\u00fcrnberg<\/td>\n<\/tr>\n<\/tbody>\n<\/table>\n<p>Keine Proben in den Schulferien.<\/p>\n<p>Proben finden ab und zu an einem Ersatzort statt.<\/p>\n<h3>Schnupperprobe<\/h3>\n<p>Reinschnuppern kann jeder &#8211; nat\u00fcrlich unverbindlich. <a href=\".\/?page_id=632\">Neue S\u00e4nger<\/a> sind uns jederzeit willkommen. Wir freuen uns auf Dich.<\/p>\n<p>Bitte meldet Euch vorher per Email bei uns an (<a href=\"mailto:info@traellerpfeifen.de\">info@traellerpfeifen.de<\/a>), da wir eventuell ja an einem anderen Ort proben und Ihr nicht vor verschlossenen T\u00fcren stehen sollt.<\/p>\n","protected":false},"excerpt":{"rendered":"<p>Unsere Chorprobe findet statt: Zeit: Donnerstag, 19.30 &#8211; 21.30 Uhr Ort: S\u00fcdpunkt Pillenreuther Stra\u00dfe 147 90459 N\u00fcrnberg Keine Proben in den Schulferien. Proben finden ab und zu an einem Ersatzort statt. Schnupperprobe Reinschnuppern kann jeder &#8211; nat\u00fcrlich unverbindlich. Neue S\u00e4nger sind uns jederzeit willkommen. Wir freuen uns auf Dich. Bitte meldet Euch vorher per Email [&hellip;]<\/p>\n","protected":false},"author":753,"featured_media":0,"parent":0,"menu_order":3,"comment_status":"closed","ping_status":"closed","template":"","meta":{"ngg_post_thumbnail":0,"footnotes":""},"class_list":["post-22","page","type-page","status-publish","hentry"],"_links":{"self":[{"href":"https:\/\/www.traellerpfeifen.de\/index.php?rest_route=\/wp\/v2\/pages\/22","targetHints":{"allow":["GET"]}}],"collection":[{"href":"https:\/\/www.traellerpfeifen.de\/index.php?rest_route=\/wp\/v2\/pages"}],"about":[{"href":"https:\/\/www.traellerpfeifen.de\/index.php?rest_route=\/wp\/v2\/types\/page"}],"author":[{"embeddable":true,"href":"https:\/\/www.traellerpfeifen.de\/index.php?rest_route=\/wp\/v2\/users\/753"}],"replies":[{"embeddable":true,"href":"https:\/\/www.traellerpfeifen.de\/index.php?rest_route=%2Fwp%2Fv2%2Fcomments&post=22"}],"version-history":[{"count":13,"href":"https:\/\/www.traellerpfeifen.de\/index.php?rest_route=\/wp\/v2\/pages\/22\/revisions"}],"predecessor-version":[{"id":2096,"href":"https:\/\/www.traellerpfeifen.de\/index.php?rest_route=\/wp\/v2\/pages\/22\/revisions\/2096"}],"wp:attachment":[{"href":"https:\/\/www.traellerpfeifen.de\/index.php?rest_route=%2Fwp%2Fv2%2Fmedia&parent=22"}],"curies":[{"name":"wp","href":"https:\/\/api.w.org\/{rel}","templated":true}]}}