{"id":26,"date":"2011-02-15T12:29:44","date_gmt":"2011-02-15T11:29:44","guid":{"rendered":"http:\/\/www.traellerpfeifen.de\/?page_id=26"},"modified":"2025-08-31T08:58:50","modified_gmt":"2025-08-31T08:58:50","slug":"partnerschaften","status":"publish","type":"page","link":"https:\/\/www.traellerpfeifen.de\/?page_id=26","title":{"rendered":"Links"},"content":{"rendered":"<p>Nat\u00fcrlich sind wir besonders stolz, einen so aktiven Chorleiter zu haben, der bereits viele Eigenkompositionen &#8211; vornehmlich aus dem Bereich Gospel und Spiritual &#8211; ver\u00f6ffentlicht hat: <a href=\"http:\/\/hans-leinberger.de\">http:\/\/hans-leinberger.de<\/a><\/p>\n<h3>Befreundete Seiten<\/h3>\n<p><a href=\"http:\/\/www.aidshilfe-nuernberg.de\/\">AIDS-Hilfe N\u00fcrnberg-Erlangen-F\u00fcrth e.v.<\/a><\/p>\n<p><a href=\"http:\/\/www.fliederlich.de\/\">Fliederlich e.V.<\/a><\/p>\n<p><a href=\"http:\/\/csd-nuernberg.org\/\">F\u00f6rderverein &#8222;Christopher-Street-Day&#8220; N\u00fcrnberg e.V.<\/a><\/p>\n<p><a href=\"http:\/\/www.fsb-online.de\/\">Fr\u00e4nkischer S\u00e4ngerbund<\/a><\/p>\n<p><a href=\"http:\/\/www.rosapanther.de\/\">Rosa Panther Schwul-Lesbischer Sportverein N\u00fcrnberg e.V.<\/a><\/p>\n<p><a href=\"http:\/\/uferlos-bamberg.de\/\">uferlos &#8211; Schwule und Lesben in Bamberg e.V.<\/a><\/p>\n<h3>Befreundete Ch\u00f6re<\/h3>\n<p><a href=\"http:\/\/doodles.cz\/en\/\">Die Doodles &#8211; Schwuler Chor Prag<\/a><\/p>\n<p><a href=\"http:\/\/www.mainsirenen.de\/\">Die Mainsirenen &#8211; Schwuler Chor Frankfurt am Main<\/a><\/p>\n<p><a href=\"https:\/\/krakofonia.org\/\">Krakofonia &#8211; Queerer Chor Krakau<\/a><\/p>\n<p><a href=\"https:\/\/www.rosanote.de\/\">Rosa Note &#8211; Schwuler Chor Stuttgart<\/a><\/p>\n<p><a href=\"http:\/\/www.chorsottovoce.de\">SottoVoce &#8211; Popchor des schwulesbischen Zentrums \u2013 WuF e. V. in W\u00fcrzburg<\/a><\/p>\n<p><a href=\"https:\/\/tinnitussis.wordpress.com\/\">Tinnitussis &#8211; N\u00fcrnbergs erster Lesbenchor<\/a><\/p>\n<p><a href=\"http:\/\/www.dietollkirschen.de\/\">Die Tollkirschen &#8211; Schwuler M\u00e4nnerchor Leipzig<\/a><\/p>\n<p><a href=\"http:\/\/www.weibrations.com\/\">Weibrations e.V. &#8211; Lesbenchor aus Karlsruhe<\/a><\/p>\n","protected":false},"excerpt":{"rendered":"<p>Nat\u00fcrlich sind wir besonders stolz, einen so aktiven Chorleiter zu haben, der bereits viele Eigenkompositionen &#8211; vornehmlich aus dem Bereich Gospel und Spiritual &#8211; ver\u00f6ffentlicht hat: http:\/\/hans-leinberger.de Befreundete Seiten AIDS-Hilfe N\u00fcrnberg-Erlangen-F\u00fcrth e.v. Fliederlich e.V. F\u00f6rderverein &#8222;Christopher-Street-Day&#8220; N\u00fcrnberg e.V. Fr\u00e4nkischer S\u00e4ngerbund Rosa Panther Schwul-Lesbischer Sportverein N\u00fcrnberg e.V. uferlos &#8211; Schwule und Lesben in Bamberg e.V. Befreundete [&hellip;]<\/p>\n","protected":false},"author":753,"featured_media":0,"parent":0,"menu_order":4,"comment_status":"closed","ping_status":"closed","template":"","meta":{"ngg_post_thumbnail":0,"footnotes":""},"class_list":["post-26","page","type-page","status-publish","hentry"],"_links":{"self":[{"href":"https:\/\/www.traellerpfeifen.de\/index.php?rest_route=\/wp\/v2\/pages\/26","targetHints":{"allow":["GET"]}}],"collection":[{"href":"https:\/\/www.traellerpfeifen.de\/index.php?rest_route=\/wp\/v2\/pages"}],"about":[{"href":"https:\/\/www.traellerpfeifen.de\/index.php?rest_route=\/wp\/v2\/types\/page"}],"author":[{"embeddable":true,"href":"https:\/\/www.traellerpfeifen.de\/index.php?rest_route=\/wp\/v2\/users\/753"}],"replies":[{"embeddable":true,"href":"https:\/\/www.traellerpfeifen.de\/index.php?rest_route=%2Fwp%2Fv2%2Fcomments&post=26"}],"version-history":[{"count":38,"href":"https:\/\/www.traellerpfeifen.de\/index.php?rest_route=\/wp\/v2\/pages\/26\/revisions"}],"predecessor-version":[{"id":2472,"href":"https:\/\/www.traellerpfeifen.de\/index.php?rest_route=\/wp\/v2\/pages\/26\/revisions\/2472"}],"wp:attachment":[{"href":"https:\/\/www.traellerpfeifen.de\/index.php?rest_route=%2Fwp%2Fv2%2Fmedia&parent=26"}],"curies":[{"name":"wp","href":"https:\/\/api.w.org\/{rel}","templated":true}]}}