{"id":55,"date":"2011-03-26T12:07:42","date_gmt":"2011-03-26T12:07:42","guid":{"rendered":"http:\/\/www.traellerpfeifen.de\/?page_id=55"},"modified":"2026-04-29T20:37:27","modified_gmt":"2026-04-29T20:37:27","slug":"termine","status":"publish","type":"page","link":"https:\/\/www.traellerpfeifen.de\/","title":{"rendered":"Termine"},"content":{"rendered":"\n<!-- \/wp:post-content --><!-- wp:heading {\"level\":3} -->\n<\/p>\n<h3>Schwules Chorvergn\u00fcgen 2026<\/h3>\n<p>\n<!-- \/wp:heading -->\n<\/p>\n<!-- wp:paragraph -->\n<\/p>\n<p>Knastschwestern &#8211; ein schwules Chormusical! Die Tr\u00e4llerpfeifen haben ihr neues Programm verhaftet und gehen mit ihm im <a href=\"https:\/\/www.nuernberg.de\/internet\/suedpunkt\/\">S\u00fcdpunkt<\/a> vor Gericht. In diesem Musical geht es um die Liebe, klar, aber auch um Stricher, Drogen, Missbrauch und Outing. Wie das dann am Schluss mit Krankenschwestern und einem Knast-Lazarett zusammenpasst, das seht ihr dann schon an diesem Abend. Seid gespannt!\n<\/p>ngg_shortcode_0_placeholder<p>\nVielen Dank an dieser Stelle f\u00fcr zwei wundervolle Abende mit einem begeisterten Publikum im vollen Haus! Wer sich noch an ein paar Augenblicke mit uns erinnern m\u00f6chten findet auf <a href=\"https:\/\/www.gaycon.de\/interviews\/tr%C3%A4llerpfeifen\/\">gaycon<\/a> sowie unseren Social Media Kan\u00e4len zahlreiche Bilder dieser Show.\n<\/p>\n<!-- \/wp:paragraph -->\n<!-- wp:separator {\"opacity\":\"css\"} -->\n<\/p>\n<hr class=\"wp-block-separator has-css-opacity\">\n<!-- \/wp:separator -->\n<p>\n<!-- wp:heading {\"level\":3} -->\n<\/p>\n<h3>Knastschwestern in Ottensoos 2026<\/h3>\n<p>\n<!-- \/wp:heading -->\n<\/p>\n<!-- wp:paragraph -->\n<\/p>\n<p>\nIm etwas kleineren Rahmen k\u00f6nnt ihr unser Musical &#8222;Knastschwestern&#8220; dieses Jahr noch in <a href=\"https:\/\/www.feso-ottensoos.de\/veranstaltungen\/2850022\/2026\/05\/22\/knastschwestern-musical-mit-den-tr%C3%A4llerpfeifen.html\">Ottensoos<\/a> erleben. Diese kriminelle Spektakel findet am <strong>Freitag, 22.05.2026 um 20 Uhr<\/strong> in der Ehemaligen Synagoge statt, dort k\u00f6nnt ihr auch schon Karten <a href=\"https:\/\/www.feso-ottensoos.de\/kontakt\/index.php?dynamisch=1\">reservieren<\/a>.\n<\/p>\n<!-- \/wp:paragraph -->\n<!-- wp:separator {\"opacity\":\"css\"} -->\n<\/p>\n<hr class=\"wp-block-separator has-css-opacity\">\n<!-- \/wp:separator -->\n<p>\n<!-- wp:heading {\"level\":3} -->\n<\/p>\n<h3>Various Voices 2026<\/h3>\n<p>\n<!-- \/wp:heading -->\n<\/p>\n<!-- wp:paragraph -->\n<\/p>\n<p>\nIn 2026 treffen sich die eurp\u00e4ischen LGBTQ+-Ch\u00f6re wieder zu einem extravaganten Chorfestival: <a href=\"https:\/\/various-voices.be\/\">Various Voices Bruxelles<\/a>. Da sind wir Tr\u00e4llerpfeifen nat\u00fcrlich auch mit dabei:\n<ul>\n<li>am Donnerstag, 25.06.2026 um 13:00 Uhr zum City Hall Free Concert im Salle des Milices<\/li>\n<li>am Samstag, 27.06.2026 um 15:10 Uhr zum Afternoon Concert im Auditorium 490<\/li>\n<\/ul>\n<\/p>\n<!-- \/wp:paragraph -->\n<!-- wp:separator {\"opacity\":\"css\"} -->\n<\/p>\n<hr class=\"wp-block-separator has-css-opacity\">\n<!-- \/wp:separator --><!-- wp:heading {\"level\":3} -->\n<\/p>\n<!-- wp:heading {\"level\":3} -->\n<h3 class=\"wp-block-heading\">Musikalisches Dinner<\/h3>\n<!-- \/wp:heading -->\n<!-- wp:paragraph -->\n<p>Auch in diesem Jahr werden wir wieder ein Musikalisches Dinner im <a href=\"https:\/\/www.estragon-nuernberg.de\">Estragon<\/a> mit unseren Stimmen untermalen &#8211; und dieses Mal sogar an zwei Samstagen: am <strong>17.10.2026<\/strong> und am <strong>21.11.2026<\/strong>. Reservierungen sind direkt beim Estragon in N\u00fcrnberg zu machen.<\/p>\n<!-- \/wp:paragraph --><!-- \/wp:heading -->\n<!-- wp:separator {\"opacity\":\"css\"} -->\n<\/p>\n<hr class=\"wp-block-separator has-css-opacity\">\n<!-- \/wp:separator --><!-- wp:heading {\"level\":3} -->\n<\/p>\n<!-- wp:heading {\"level\":3} -->\n<h3 class=\"wp-block-heading\">Schwules Chorvergn\u00fcgen 2027: Partnerst\u00e4dte \u2013 Partnerch\u00f6re<\/h3>\n<!-- \/wp:heading -->\n\n<!-- wp:paragraph -->\n<p>Erneut haben wir uns auf <img decoding=\"async\" src=\"files\/QueerVoicesGlasgow-image-192x104.png\" alt=\"Queer Voices Glasgow Logo\" style=\"float:right\" width=\"80\" border=\"0\"> die Suche gemacht und freuen uns aus unserer Partnerstadt Glasgow die <a href=\"https:\/\/www.queervoicesglasgow.org.uk\/\">Queer Voices Glasgow<\/a> nach N\u00fcrnberg einladen zu k\u00f6nnen. Freut euch mit uns auf zwei einmalige Abende am <strong>Samstag 17.04.2027 um 19:30 Uhr<\/strong> sowie am <strong>Sonntag 18.04.2027 um 17:30 Uhr<\/strong> im <a href=\"https:\/\/www.nuernberg.de\/internet\/suedpunkt\/\">s\u00fcdpunkt<\/a> in N\u00fcrnberg.<\/p>\n<p><img decoding=\"async\" src=\"files\/Logo Amt fuer Internationale BeziehungenIB2018.jpg\" alt=\"Logo Amt f\u00fcr Internationale Beziehungen\" style=\"float:left\" width=\"200\"> Wir danken der Stadt N\u00fcrnberg &#8211; Amt f\u00fcr internationale Beziehungen &#8211; f\u00fcr die Unterst\u00fctzung und gute Zusammenarbeit, um dieses Konzertwochenende wahr werden zu lassen.<\/p>\n<!-- \/wp:paragraph --><!-- \/wp:heading -->\n<!-- wp:separator {\"opacity\":\"css\"} -->\n<\/p>\n<hr class=\"wp-block-separator has-css-opacity\">\n<!-- \/wp:separator --><!-- wp:heading {\"level\":3} -->\n<\/p>\n<!-- wp:heading {\"level\":3} -->\n<h3 class=\"wp-block-heading\">S\u00fcddeutsches Queeres Chorfestival 2027<\/h3>\n<!-- \/wp:heading -->\n\n<!-- wp:paragraph -->\n<p>Wir freuen uns, zusammen mit den Tinnitussis und einem tollen Orga-Team euch zum s\u00fcddeutschen queere Chorfestival unter dem Namen <a href=\"https:\/\/www.sirena-nuernberg.de\">Sirena<\/a> wieder nach N\u00fcrnberg einzuladen. Damit das auch passend in die Pfingstferien f\u00e4llt, wird das vom <strong>27.-30.05.2027<\/strong> stattfinden. Wir hoffen, dass das Wetter dann auch besser mitspielt als es bei Sirena 2013 der Fall war.<\/p>\n<!-- \/wp:paragraph --><!-- \/wp:heading -->","protected":false},"excerpt":{"rendered":"<p>Schwules Chorvergn\u00fcgen 2026 Knastschwestern &#8211; ein schwules Chormusical! Die Tr\u00e4llerpfeifen haben ihr neues Programm verhaftet und gehen mit ihm im S\u00fcdpunkt vor Gericht. In diesem Musical geht es um die Liebe, klar, aber auch um Stricher, Drogen, Missbrauch und Outing. Wie das dann am Schluss mit Krankenschwestern und einem Knast-Lazarett zusammenpasst, das seht ihr dann [&hellip;]<\/p>\n","protected":false},"author":753,"featured_media":0,"parent":0,"menu_order":8,"comment_status":"closed","ping_status":"closed","template":"","meta":{"ngg_post_thumbnail":0,"footnotes":""},"class_list":["post-55","page","type-page","status-publish","hentry"],"_links":{"self":[{"href":"https:\/\/www.traellerpfeifen.de\/index.php?rest_route=\/wp\/v2\/pages\/55","targetHints":{"allow":["GET"]}}],"collection":[{"href":"https:\/\/www.traellerpfeifen.de\/index.php?rest_route=\/wp\/v2\/pages"}],"about":[{"href":"https:\/\/www.traellerpfeifen.de\/index.php?rest_route=\/wp\/v2\/types\/page"}],"author":[{"embeddable":true,"href":"https:\/\/www.traellerpfeifen.de\/index.php?rest_route=\/wp\/v2\/users\/753"}],"replies":[{"embeddable":true,"href":"https:\/\/www.traellerpfeifen.de\/index.php?rest_route=%2Fwp%2Fv2%2Fcomments&post=55"}],"version-history":[{"count":843,"href":"https:\/\/www.traellerpfeifen.de\/index.php?rest_route=\/wp\/v2\/pages\/55\/revisions"}],"predecessor-version":[{"id":2558,"href":"https:\/\/www.traellerpfeifen.de\/index.php?rest_route=\/wp\/v2\/pages\/55\/revisions\/2558"}],"wp:attachment":[{"href":"https:\/\/www.traellerpfeifen.de\/index.php?rest_route=%2Fwp%2Fv2%2Fmedia&parent=55"}],"curies":[{"name":"wp","href":"https:\/\/api.w.org\/{rel}","templated":true}]}}