{"id":610,"date":"2013-11-08T10:35:11","date_gmt":"2013-11-08T10:35:11","guid":{"rendered":"http:\/\/www.traellerpfeifen.de\/?page_id=610"},"modified":"2025-12-01T22:54:41","modified_gmt":"2025-12-01T22:54:41","slug":"historie","status":"publish","type":"page","link":"https:\/\/www.traellerpfeifen.de\/?page_id=610","title":{"rendered":"Historie"},"content":{"rendered":"\n<table>\n<tbody>\n<!--\n<tr>\n<td><\/td>\n<td><\/td>\n<\/tr>\n<tr>\n<td><\/td>\n<td><\/td>\n<\/tr>\n-->\n<tr>\n<td>15.11.2025<\/td>\n<td>Musikalisches Dinner im Estragon<\/td>\n<\/tr>\n<tr>\n<td>14.11.2025<\/td>\n<td>Jubil\u00e4um 15 Jahre Norisbengel in der &#8222;Kabine&#8220;<\/td>\n<\/tr>\n<tr>\n<td>05.07.2025<\/td>\n<td><a href=\"https:\/\/www.suedstadtfest.de\">S\u00fcdstadtfest<\/a> N\u00fcrnberg<\/td>\n<\/tr>\n<tr>\n<td>19.-22.06.2025<\/td>\n<td><a href=\"https:\/\/www.schreiline.de\">Schreiline<\/a> Frankfurt<\/td>\n<\/tr>\n<tr>\n<td>29.05.-01.06.2025<\/td>\n<td>Deutsches Chorfest N\u00fcrnberg<\/td>\n<\/tr>\n<tr>\n<td>18.05.2025<\/td>\n<td>Nach-Muttertag im Sebastianspital N\u00fcrnberg<\/td>\n<\/tr>\n<td>29.-30.03.2025<\/td>\n<td>&#8222;Das Schwule Chorvergn\u00fcgen 2025: Partnerst\u00e4dte &#8211; Partnerch\u00f6re&#8220; zusammen mit <a href=\"https:\/\/krakofonia.org\/\">Krakofonia<\/a> im S\u00fcdpunkt in N\u00fcrnberg<\/td>\n<\/tr>\n<tr>\n<td>17.-19.01.2025<\/td>\n<td>Chorwochenende <a href=\"https:\/\/kloster-schwarzenberg.de\/\">Kloster Schwarzenberg<\/a><\/td>\n<\/tr>\n<tr>\n<td>19.10.2024<\/td>\n<td>Musikalisches Dinner im Estragon<\/td>\n<\/tr>\n<tr>\n<td>24.07.2024<\/td>\n<td>Rathausempfang zum CSD-N\u00fcrnberg 2024<\/td>\n<\/tr>\n<tr>\n<td>04.05.2024<\/td>\n<td>MaleDIVEN in <a href=\"https:\/\/www.synagoge-ottensoos.de\/\">der Ehemaligen Synagoge Ottensoos<\/a><\/td>\n<\/tr>\n<tr>\n<td>27.\/28.04.2024<\/td>\n<td>&#8222;Das schwule Chorvergn\u00fcgen 2024: MaleDIVEN&#8220; im S\u00fcdpunkt in N\u00fcrnberg<\/td>\n<\/tr>\n<tr>\n<td>22.-24.03.2024<\/td>\n<td>Chorwochenende <a href=\"https:\/\/kloster-schwarzenberg.de\/\">Kloster Schwarzenberg<\/a><\/td>\n<\/tr>\n<tr>\n<td>27.01.2024<\/td>\n<td>Holocaust-Gedenken Reformations-Ged\u00e4chtnis-Kirche N\u00fcrnberg<\/td>\n<\/tr>\n<tr>\n<td>18.11.2023<\/td>\n<td>Musikalisches Dinner im Estragon<\/td>\n<\/tr>\n<tr>\n<td>27.07.2023<\/td>\n<td>Rathausempfang zum CSD-N\u00fcrnberg 2023<\/td>\n<\/tr>\n<tr>\n<td>01.07.2023<\/td>\n<td>1. <a href=\"https:\/\/csd-schwabach.com\">CSD in Schwabach<\/a><\/td>\n<\/tr>\n<tr>\n<td>14.-18.06.2023<\/td>\n<td><a href=\"http:\/\/various-voices.it\/\">Various Voices<\/a> in Bologna<\/td>\n<\/tr>\n<tr>\n<td>14.05.2023<\/td>\n<td>Muttertag im Sebastianspital N\u00fcrnberg<\/td>\n<\/tr>\n<tr>\n<td>29.\/30.04.2023<\/td>\n<td>&#8222;Das Schwule Chorvergn\u00fcgen 2023: Partnerst\u00e4dte &#8211; Partnerch\u00f6re&#8220; zusammen mit den <a href=\"http:\/\/doodles.cz\/en\/\">Doodles<\/a> im S\u00fcdpunkt in N\u00fcrnberg<\/td>\n<\/tr>\n<tr>\n<td>25.03.2023<\/td>\n<td>INZIdance mit der <a href=\"https:\/\/www.rosanote.de\/\">Rosa Note<\/a> in Stuttgart<\/td>\n<\/tr>\n<tr>\n<td>03.-05.02.2023<\/td>\n<td>Chorwochenende <a href=\"https:\/\/kloster-schwarzenberg.de\/\">Kloster Schwarzenberg<\/a><\/td>\n<\/tr>\n<tr>\n<td>28.07.2022<\/td>\n<td>Rathausempfang zum CSD-N\u00fcrnberg 2022<\/td>\n<\/tr>\n<tr>\n<td>15.07.2022<\/td>\n<td>40 Jahre GR&Uuml;NE Mittelfranken, Gutmann N\u00fcrnberg<\/td>\n<\/tr>\n<tr>\n<td>16.-19.06.2022<\/td>\n<td><a href=\"http:\/\/www.monaccord.de\">Monaccord<\/a>, Alte Kongresshalle M\u00fcnchen<\/td>\n<\/tr>\n<tr>\n<td>07.\/08.05.2022<\/td>\n<td>&#8222;Das schwule Chorvergn\u00fcgen 2022: Diven&#8220; im S\u00fcdpunkt in N\u00fcrnberg<\/td>\n<\/tr>\n<tr>\n<td>12.03.2022<\/td>\n<td>Gemeinsame Aufnahme unseres Hymnenvorschlags &#8222;Sing&#8220; mit den Weibrations in Karlsruhe<\/td>\n<\/tr>\n<tr>\n<td>11.-13.03.2022<\/td>\n<td>Chorwochenende in N\u00fcrnberg<\/td>\n<\/tr>\n<tr>\n<td>31.07.2021<\/td>\n<td>CSD: Roman S\u00f6llner und &#8222;Diven&#8220; im Katharinensaal in N\u00fcrnberg<\/td>\n<\/tr>\n<tr>\n<td>10.10.2020<\/td>\n<td>Voices for Hospices im Katharinensaal in N\u00fcrnberg<\/td>\n<\/tr>\n<tr>\n<td>07.-09.02.2020<\/td>\n<td>Chorwochenende in Obertrubach<\/td>\n<\/tr>\n<tr>\n<td>12.10.2019<\/td>\n<td>Hospizverein Schwabach<\/td>\n<\/tr>\n<tr>\n<td>09.08.2019<\/td>\n<td><a href=\"https:\/\/www.praguepride.cz\/en\/festival\">Prague Pride<\/a><\/td>\n<\/tr>\n<tr>\n<td>01.08.2019<\/td>\n<td>Neuauflage &#8222;Freiheit&#8220; zum CSD N\u00fcrnberg<\/td>\n<\/tr>\n<tr>\n<td>29.06.2019<\/td>\n<td><a href=\"http:\/\/queerpridewue.de\/\">Queer Pride<\/a> in W\u00fcrzburg<\/td>\n<\/tr>\n<tr>\n<td>20.-23.06.2019<\/td>\n<td><a href=\"https:\/\/kreisch.net\/\">Kreisch<\/a> in Karlsruhe\n<\/tr>\n<tr>\n<td>04.\/05.05.2019<\/td>\n<td>&#8222;Das schwule Chorvergn\u00fcgen 2019: Freiheit&#8220; im S\u00fcdpunkt in N\u00fcrnberg<\/td>\n<\/tr>\n<tr>\n<td>28.04.2019<\/td>\n<td>Benefiz-Matinee <a href=\"https:\/\/www.rote-buehne.de\/\">Rote B\u00fchne<\/a><\/td>\n<\/tr>\n<tr>\n<td>23.03.2019<\/td>\n<td>Impulsveranstaltung Diversity im N\u00fcrnbergStift in St. Johannis<\/td>\n<\/tr>\n<tr>\n<td>23.02.2019<\/td>\n<td>Musikalisches Men\u00fc im <a href=\"http:\/\/www.estragon-nuernberg.de\">Estragon<\/a><\/td>\n<\/tr>\n<tr>\n<td>08.-10.02.2019<\/td>\n<td>Chorwochenende in Obertrubach<\/td>\n<\/tr>\n<tr>\n<td>27.07.2018<\/td>\n<td>Rathausempfang 40 Jahre Fliederlich im Rahmen des CSD-N\u00fcrnberg<\/td>\n<\/tr>\n<tr>\n<td>16.06.2018<\/td>\n<td>Sitzweil zu 40 Jahre Fliederlich im Stadtpark zu N\u00fcrnberg<\/td>\n<\/tr>\n<tr>\n<td>21\/22.04.2018<\/td>\n<td>&#8222;Chorvergn\u00fcgen 2018: Queeres Duett&#8220; gemeinsames Konzert mit den <a href=\"http:\/\/www.weibrations.com\">WEIBrations<\/a> im K\u00fcnstlerhaus in N\u00fcrnberg<\/td>\n<\/tr>\n<tr>\n<td>12.11.2017<\/td>\n<td>&#8222;Das schwule Chorvergn\u00fcgen 2017: 20 Jahre Die Tr\u00e4llerpfeifen&#8220; im S\u00fcdpunkt in N\u00fcrnberg<\/td>\n<\/tr>\n<tr>\n<td>08.10.2017<\/td>\n<td>Voices for Hospices im Katharinensaal in N\u00fcrnberg<\/td>\n<\/tr>\n<tr>\n<td>17.09.2017<\/td>\n<td>Tag der Ch\u00f6re in N\u00fcrnberg am Hauptmarkt<\/td>\n<\/tr>\n<tr>\n<td>25.-<br>28.05.2017<\/td>\n<td><a href=\"http:\/\/www.suedakkord.org\">S\u00fcdakkord<\/a> in Bern<\/td>\n<\/tr>\n<tr>\n<td>13.05.2017<\/td>\n<td>&#8222;Das schwule Chorvergn\u00fcgen 2017: 20 Jahre Die Tr\u00e4llerpfeifen&#8220; im K\u00fcnstlerhaus in N\u00fcrnberg<\/td>\n<\/tr>\n<tr>\n<td>27.-29.01.2017<\/td>\n<td>Chorwochenende in Obertrubach<\/td>\n<\/tr>\n<tr>\n<td>19.06.2016<\/td>\n<td>Finnisage &#8222;QueerArt&#8220; im S\u00fcdpunkt in N\u00fcrnberg<\/td>\n<\/tr>\n<tr>\n<td>11.06.2016<\/td>\n<td>2. Stra\u00dfenfest &#8222;Gegen Rassismus und Diskriminierung &#8211; F\u00fcr ein besseres Zusammenleben&#8220; in N\u00fcrnberg<\/td>\n<\/tr>\n<tr>\n<td>29.04.2016<\/td>\n<td>&#8222;Das schwule Chorvergn\u00fcgen 2016: Ein flotter Dreier&#8220; &#8211; gemeinsames Konzert im <a href=\"http:\/\/www.kunstkulturquartier.de\/kuenstlerhaus\">K\u00fcnstlerhaus<\/a> zusammen mit der <a href=\"http:\/\/www.rosanote.de\/\">Rosa Note<\/a> und den <a href=\"http:\/\/www.dietollkirschen.de\">Tollkirschen<\/a><\/td>\n<\/tr>\n<tr>\n<td>27.-28.02.2016<\/td>\n<td>Chorwochenende in Eschenbach<\/td>\n<\/tr>\n<tr>\n<td>14.11.2015<\/td>\n<td>Musikalisches Men\u00fc im <a href=\"http:\/\/www.estragon-nuernberg.de\">Estragon<\/a><\/td>\n<\/tr>\n<tr>\n<td>25.07.2015<\/td>\n<td>Stra\u00dfenfest 30 Jahre AIDS-Hilfe NUE-ER-F\u00dc<\/td>\n<\/tr>\n<tr>\n<td>27.06.2015<\/td>\n<td>Konzert &#8222;Keep it gay&#8220; im <a href=\"http:\/\/www.kunstkulturquartier.de\/kuenstlerhaus\">K\u00fcnstlerhaus<\/a><\/td>\n<\/tr>\n<tr>\n<td>13.06.2015<\/td>\n<td>Stra\u00dfenfest &#8222;Gegen Rassismus und Diskriminierung &#8211; F\u00fcr ein besseres Zusammenleben&#8220; in N\u00fcrnberg<\/td>\n<\/tr>\n<tr>\n<td>04.-<br>07.06.2015<\/td>\n<td>S\u00fcddeutsches Chorfestival <a href=\"http:\/\/www.queertakte.de\/\">Queertakte<\/a> in Mainz<\/td>\n<\/tr>\n<tr>\n<td>01.12.2014<\/td>\n<td>Welt-AIDS-Tag: <a href=\"http:\/\/www.aidsmemorial.info\/id=78\/page=site.memorial\/lang=DE\">Denkraum am Jakobsplatz<\/a><\/td>\n<\/tr>\n<tr>\n<td>27.09.2014<\/td>\n<td><a href=\"http:\/\/www.nuernberg.de\/internet\/menschenrechte\/friedensmahl.html\">N\u00fcrnberger Friedensmahl 2014<\/a><\/td>\n<\/tr>\n<tr>\n<td>02.08.2014<\/td>\n<td>Auftritt beim <a href=\"http:\/\/csd-nuernberg.org\">CSD N\u00fcrnberg<\/a><\/td>\n<\/tr>\n<tr>\n<td>29.07.2014<\/td>\n<td>Sommerfest des Presseclub N\u00fcrnberg<\/td>\n<\/tr>\n<tr>\n<td>13.-<br>16.06.2014<\/td>\n<td>Europ\u00e4isches Ch\u00f6retreffen <a href=\"http:\/\/variousvoices.ie\">Various Voices<\/a> in Dublin<\/td>\n<\/tr>\n<tr>\n<td>09.05.2014<\/td>\n<td>Gemeinschaftskonzert mit den Tinnitussis im <a href=\"http:\/\/www.kunstkulturquartier.de\/kuenstlerhaus\">K\u00fcnstlerhaus<\/a><\/td>\n<\/tr>\n<tr>\n<td>08.02.2014<\/td>\n<td>Musikalisches Men\u00fc im <a href=\"http:\/\/www.estragon-nuernberg.de\">Estragon<\/a><\/td>\n<\/tr>\n<tr>\n<td>25.01.2014<\/td>\n<td>Neujahrsfeier der <a href=\"http:\/\/www.rosapanther.de\">Rosa Panther<\/a><\/td>\n<\/tr>\n<tr>\n<td>01.12.2013<\/td>\n<td>Welt-AIDS-Tag: <a href=\"http:\/\/www.aidsmemorial.info\/id=78\/page=site.memorial\/lang=DE\">Denkraum am Jakobsplatz<\/a><\/td>\n<\/tr>\n<tr>\n<td>28.09. &#8211; 29.09.2013<\/td>\n<td><a href=\"http:\/\/www.nuernberg.de\/internet\/menschenrechte\/preisverleihung_2013.html\">Internationaler N\u00fcrnberger Menschenrechtspreis<\/a> und Friedenstafel<\/td>\n<\/tr>\n<tr>\n<td>20.07.2013<\/td>\n<td>Auftritt beim <a href=\"http:\/\/saar.lsvd.de\/csd-saarlorlux\/2013\/\">CSD SaarLorLux<\/a> in Saarbr\u00fccken<\/td>\n<\/tr>\n<tr>\n<td>08.07.2013<\/td>\n<td>Vereinsgr\u00fcndung der Tr\u00e4llerpfeifen e.V.<\/td>\n<\/tr>\n<tr>\n<td>30.05. &#8211; 02.06.2013<\/td>\n<td>S\u00fcddeutsches Chorfestival <a href=\"http:\/\/www.sirena-n\u00fcrnberg.de\/\">Sirena<\/a> in N\u00fcrnberg<\/td>\n<\/tr>\n<tr>\n<td>19.05.2013<\/td>\n<td>Schwules Chorfestival im <a href=\"http:\/\/www.herrenhaus-salderatzen.de\/events\/kulturelle-landpartie\/\">Herrenhaus Salderatzen<\/a><\/td>\n<\/tr>\n<tr>\n<td>02.08.2012<\/td>\n<td>Neuauflage der &#8222;Hochzeit der Figaros&#8220; zum CSD in N\u00fcrnberg im <a href=\"http:\/\/www.kunstkulturquartier.de\/kuenstlerhaus\">K\u00fcnstlerhaus<\/a><\/td>\n<\/tr>\n<tr>\n<td>07. \u2013 10.06.2012<\/td>\n<td><a href=\"http:\/\/www.saarqueerele.de\/\">Saarqueerele 2012<\/a> in Saarbr\u00fccken<\/td>\n<\/tr>\n<tr>\n<td>12.05.2012<\/td>\n<td>Musikalisches Men\u00fc im <a href=\"http:\/\/www.estragon-nuernberg.de\/\">Estragon<\/a> (N\u00fcrnberg)<\/td>\n<\/tr>\n<tr>\n<td>28.01.2012<\/td>\n<td>Zweiter Termin der &#8222;Hochzeit der Figaros&#8220; im Tassilo-Theater<\/td>\n<\/tr>\n<tr>\n<td>26.11.2011<\/td>\n<td>Pr\u00e4miere der &#8222;Hochzeit der Figaros&#8220; im Tassilo-Theater N\u00fcrnberg<\/td>\n<\/tr>\n<tr>\n<td>21.05.2011<\/td>\n<td>Musikalisches Men\u00fc im <a href=\"http:\/\/www.estragon-nuernberg.de\/\">Estragon<\/a> (N\u00fcrnberg)<\/td>\n<\/tr>\n<tr>\n<td>07.05.2010<\/td>\n<td>Empfang bei Fliederlich<\/td>\n<\/tr>\n<tr>\n<td>22. &#8211; 25.05.2008<\/td>\n<td>S\u00dcDLUSCHT Chorfestival in Stuttgart<\/td>\n<\/tr>\n<tr>\n<td>19.04.2008<\/td>\n<td>Enth\u00fcllung des Gedenkstein f\u00fcr alle Verfolgten im Stadtpark<\/td>\n<\/tr>\n<tr>\n<td>11.12.2007<\/td>\n<td>Liederabend im Zeitungscafe<\/td>\n<\/tr>\n<tr>\n<td>13.07.2007<\/td>\n<td>Konzert in Stuttgart zusammen mit <a href=\"http:\/\/www.rosanote.de\/\">Rosa Note<\/a> im alten Schauspielhaus<\/td>\n<\/tr>\n<tr>\n<td>24.02.2007<\/td>\n<td>Konzert &#8222;M\u00e4nnerphantasien&#8220; in der Villa Leon mit Gastchor <a href=\"http:\/\/www.schwubs.ch\">Schwubs<\/a> aus Bern<\/td>\n<\/tr>\n<tr>\n<td>15. &#8211; 18.06.2006<\/td>\n<td>S\u00fcddeutsches Chorfestival Monaccord in M\u00fcnchen<\/td>\n<\/tr>\n<tr>\n<td>18.02.2006<\/td>\n<td>Konzert zusammen mit <a href=\"http:\/\/www.vox-homana.de\">Vox Homana<\/a> im Lister Turm in Hannover<\/td>\n<\/tr>\n<tr>\n<td>12.11.2005<\/td>\n<td>Konzert zusammen mit den <a href=\"http:\/\/www.dietollkirschen.de\/\">Tollkirschen<\/a> in der Alten Bastei in Leipzig<\/td>\n<\/tr>\n<tr>\n<td>24.06.2005<\/td>\n<td>&#8222;Klassentreffen&#8220; Open Air Konzert im Innenhof der Stadtbibliothek<\/td>\n<\/tr>\n<tr>\n<td>03. &#8211; 08.05.2005<\/td>\n<td>Various Voices Chorfestival in Paris<\/td>\n<\/tr>\n<tr>\n<td>26.02.2005<\/td>\n<td>&#8222;Klassentreffen&#8220; in der Tafelhalle, als Gastchor die <a href=\"http:\/\/www.liederliche-lesben-ffm.de\/\">Liederlichen Lesben<\/a><\/td>\n<\/tr>\n<tr>\n<td>25.10.2003<\/td>\n<td>Auftritt zum 25j\u00e4hrigen Bestehen von Fliederlich<\/td>\n<\/tr>\n<tr>\n<td>20.07.2003<\/td>\n<td>&#8222;Sommerschw\u00fcle im Fernsehgarten&#8220; Open Air Konzert im Innenhof der Stadtbibliothek<\/td>\n<\/tr>\n<tr>\n<td>03.05.2003<\/td>\n<td>&#8222;Ein Fernsehabend&#8220; Konzert in der Tafelhalle zusammen mit <a href=\"http:\/\/schmit-z.org\/frames\/tucktett.htm\">Tucktett &amp; die 2 Sybillen<\/a> aus Trier<\/td>\n<\/tr>\n<tr>\n<td>14. &#8211; 15.05.2002<\/td>\n<td>Konzerte zusammen mit <a href=\"http:\/\/schmit-z.org\/frames\/tucktett.htm\">Tucktett &amp; die 2 Sybillen<\/a> in der TuFa in Trier<\/td>\n<\/tr>\n<tr>\n<td>16.02.2002<\/td>\n<td>Konzert in der F\u00fcrther &#8222;Bagaasch&#8220; Kofferfabrik<\/td>\n<\/tr>\n<tr>\n<td>10.11.2001<\/td>\n<td>Konzert in Heidelberg zusammen mit den <a href=\"http:\/\/www.rosakehlchen.de\/\">Rosa Kehlchen<\/a>.<\/td>\n<\/tr>\n<tr>\n<td>Herbst 2001<\/td>\n<td>Konzert in Fulda im Cafe Flamme<\/td>\n<\/tr>\n<tr>\n<td>20. &#8211; 27.05.2001<\/td>\n<td>Various Voices in Berlin. Konzert am 25.05. im Ballhaus<\/td>\n<\/tr>\n<tr>\n<td>01.05.2001<\/td>\n<td>&#8222;May Gay, Hilfe der Fr\u00fchling kommt&#8220; zusammen mit den <a href=\"http:\/\/www.rosakehlchen.de\/\">Rosa Kehlchen<\/a> in der Tafelhalle N\u00fcrnberg<\/td>\n<\/tr>\n<tr>\n<td>CSD 2000<\/td>\n<td>&#8222;Eine Reise um die Welt&#8220; Auftritt auf dem Jakobsmarkt<\/td>\n<\/tr>\n<tr>\n<td>01. &#8211; 04.06.2000<\/td>\n<td>S\u00fcdluscht in Stuttgart, erster Auftritt als &#8222;Tr\u00e4llerpfeifen&#8220;<\/td>\n<\/tr>\n<tr>\n<td>1997<\/td>\n<td>Gegr\u00fcndet unter dem Namen &#8222;Pl\u00e4rrboys&#8220;<\/td>\n<\/tr>\n<\/tbody>\n<\/table>\n","protected":false},"excerpt":{"rendered":"<p>15.11.2025 Musikalisches Dinner im Estragon 14.11.2025 Jubil\u00e4um 15 Jahre Norisbengel in der &#8222;Kabine&#8220; 05.07.2025 S\u00fcdstadtfest N\u00fcrnberg 19.-22.06.2025 Schreiline Frankfurt 29.05.-01.06.2025 Deutsches Chorfest N\u00fcrnberg 18.05.2025 Nach-Muttertag im Sebastianspital N\u00fcrnberg 29.-30.03.2025 &#8222;Das Schwule Chorvergn\u00fcgen 2025: Partnerst\u00e4dte &#8211; Partnerch\u00f6re&#8220; zusammen mit Krakofonia im S\u00fcdpunkt in N\u00fcrnberg 17.-19.01.2025 Chorwochenende Kloster Schwarzenberg 19.10.2024 Musikalisches Dinner im Estragon 24.07.2024 Rathausempfang zum [&hellip;]<\/p>\n","protected":false},"author":245,"featured_media":0,"parent":569,"menu_order":2,"comment_status":"closed","ping_status":"closed","template":"","meta":{"ngg_post_thumbnail":0,"footnotes":""},"class_list":["post-610","page","type-page","status-publish","hentry"],"_links":{"self":[{"href":"https:\/\/www.traellerpfeifen.de\/index.php?rest_route=\/wp\/v2\/pages\/610","targetHints":{"allow":["GET"]}}],"collection":[{"href":"https:\/\/www.traellerpfeifen.de\/index.php?rest_route=\/wp\/v2\/pages"}],"about":[{"href":"https:\/\/www.traellerpfeifen.de\/index.php?rest_route=\/wp\/v2\/types\/page"}],"author":[{"embeddable":true,"href":"https:\/\/www.traellerpfeifen.de\/index.php?rest_route=\/wp\/v2\/users\/245"}],"replies":[{"embeddable":true,"href":"https:\/\/www.traellerpfeifen.de\/index.php?rest_route=%2Fwp%2Fv2%2Fcomments&post=610"}],"version-history":[{"count":106,"href":"https:\/\/www.traellerpfeifen.de\/index.php?rest_route=\/wp\/v2\/pages\/610\/revisions"}],"predecessor-version":[{"id":2497,"href":"https:\/\/www.traellerpfeifen.de\/index.php?rest_route=\/wp\/v2\/pages\/610\/revisions\/2497"}],"up":[{"embeddable":true,"href":"https:\/\/www.traellerpfeifen.de\/index.php?rest_route=\/wp\/v2\/pages\/569"}],"wp:attachment":[{"href":"https:\/\/www.traellerpfeifen.de\/index.php?rest_route=%2Fwp%2Fv2%2Fmedia&parent=610"}],"curies":[{"name":"wp","href":"https:\/\/api.w.org\/{rel}","templated":true}]}}