{"id":632,"date":"2013-11-08T11:42:49","date_gmt":"2013-11-08T11:42:49","guid":{"rendered":"http:\/\/www.traellerpfeifen.de\/?page_id=632"},"modified":"2023-10-25T18:52:58","modified_gmt":"2023-10-25T18:52:58","slug":"neue-mitglieder","status":"publish","type":"page","link":"https:\/\/www.traellerpfeifen.de\/?page_id=632","title":{"rendered":"Neue Mitglieder"},"content":{"rendered":"<p>Wir freuen uns auf jeden, der bei uns mitsingen oder uns als f\u00f6rderndes Mitglied bei unserer Arbeit unterst\u00fctzen will.<\/p>\n<p>Als S\u00e4nger erwarten wir von dir, dass du zumindest eine Melodie richtig nachsingen kannst und auch die Zeit hast, regelm\u00e4\u00dfig an den Proben und Auftritten teilzunehmen. Da wir bei Auftritten ohne Noten singen, ist damit nat\u00fcrlich auch ein gewisser Lernaufwand au\u00dferhalb der <a href=\".\/?page_id=22\">Probenzeit<\/a> verbunden. Ein Vorsingen vorab gibt es bei uns nicht, vielmehr wollen wir im Rahmen einer kurzen Probezeit herausfinden, wie du dich mit deiner Stimme in unseren Klang einf\u00fcgst.<\/p>\n<p>Als f\u00f6rderndes Mitglied musst du lediglich deinen Beitrag zahlen, bist aber nat\u00fcrlich herzlich eingeladen, dich auch dar\u00fcber hinaus in unsere Arbeit mit einzubringen. Auf jeden Fall wirst du auf dem Laufenden gehalten und bist zu allen vereinsweiten Veranstaltungen eingeladen.<\/p>\n","protected":false},"excerpt":{"rendered":"<p>Wir freuen uns auf jeden, der bei uns mitsingen oder uns als f\u00f6rderndes Mitglied bei unserer Arbeit unterst\u00fctzen will. Als S\u00e4nger erwarten wir von dir, dass du zumindest eine Melodie richtig nachsingen kannst und auch die Zeit hast, regelm\u00e4\u00dfig an den Proben und Auftritten teilzunehmen. Da wir bei Auftritten ohne Noten singen, ist damit nat\u00fcrlich [&hellip;]<\/p>\n","protected":false},"author":245,"featured_media":0,"parent":569,"menu_order":1,"comment_status":"closed","ping_status":"closed","template":"","meta":{"ngg_post_thumbnail":0,"footnotes":""},"class_list":["post-632","page","type-page","status-publish","hentry"],"_links":{"self":[{"href":"https:\/\/www.traellerpfeifen.de\/index.php?rest_route=\/wp\/v2\/pages\/632","targetHints":{"allow":["GET"]}}],"collection":[{"href":"https:\/\/www.traellerpfeifen.de\/index.php?rest_route=\/wp\/v2\/pages"}],"about":[{"href":"https:\/\/www.traellerpfeifen.de\/index.php?rest_route=\/wp\/v2\/types\/page"}],"author":[{"embeddable":true,"href":"https:\/\/www.traellerpfeifen.de\/index.php?rest_route=\/wp\/v2\/users\/245"}],"replies":[{"embeddable":true,"href":"https:\/\/www.traellerpfeifen.de\/index.php?rest_route=%2Fwp%2Fv2%2Fcomments&post=632"}],"version-history":[{"count":7,"href":"https:\/\/www.traellerpfeifen.de\/index.php?rest_route=\/wp\/v2\/pages\/632\/revisions"}],"predecessor-version":[{"id":2168,"href":"https:\/\/www.traellerpfeifen.de\/index.php?rest_route=\/wp\/v2\/pages\/632\/revisions\/2168"}],"up":[{"embeddable":true,"href":"https:\/\/www.traellerpfeifen.de\/index.php?rest_route=\/wp\/v2\/pages\/569"}],"wp:attachment":[{"href":"https:\/\/www.traellerpfeifen.de\/index.php?rest_route=%2Fwp%2Fv2%2Fmedia&parent=632"}],"curies":[{"name":"wp","href":"https:\/\/api.w.org\/{rel}","templated":true}]}}