{"id":72,"date":"2011-03-10T13:38:16","date_gmt":"2011-03-10T12:38:16","guid":{"rendered":"http:\/\/www.traellerpfeifen.de\/?page_id=72"},"modified":"2022-01-04T15:51:28","modified_gmt":"2022-01-04T15:51:28","slug":"impressum","status":"publish","type":"page","link":"https:\/\/www.traellerpfeifen.de\/?page_id=72","title":{"rendered":"Impressum"},"content":{"rendered":"<p>Die Tr\u00e4llerpfeifen e.V.<br \/>\nVereinsregisternummer: VR 201508, Sitz N\u00fcrnberg<\/p>\n<table>\n<tbody>\n<tr>\n<td valign=\"top\">Adresse:<\/td>\n<td>\nDie Tr\u00e4llerpfeifen e.V.<br \/>\nSchmausengartenstra\u00dfe 1<br \/>\n90409 N\u00fcrnberg<\/td>\n<\/tr>\n<tr>\n<td>Email:<\/td>\n<td><a href=\"mailto:vorsitz@traellerpfeifen.de\">vorsitz@traellerpfeifen.de<\/a><\/td>\n<\/tr>\n<\/tbody>\n<\/table>\n<h2>Haftungshinweis<\/h2>\n<p>&nbsp;<br \/>\nTrotz sorgf\u00e4ltiger inhaltlicher Kontrolle \u00fcbernehmen wir keine Haftung f\u00fcr die Inhalte externer Links. F\u00fcr den Inhalt der verlinkten Seiten sind ausschlie\u00dflich deren Betreiber verantwortlich.<\/p>\n","protected":false},"excerpt":{"rendered":"<p>Die Tr\u00e4llerpfeifen e.V. Vereinsregisternummer: VR 201508, Sitz N\u00fcrnberg Adresse: Die Tr\u00e4llerpfeifen e.V. Schmausengartenstra\u00dfe 1 90409 N\u00fcrnberg Email: vorsitz@traellerpfeifen.de Haftungshinweis &nbsp; Trotz sorgf\u00e4ltiger inhaltlicher Kontrolle \u00fcbernehmen wir keine Haftung f\u00fcr die Inhalte externer Links. F\u00fcr den Inhalt der verlinkten Seiten sind ausschlie\u00dflich deren Betreiber verantwortlich.<\/p>\n","protected":false},"author":753,"featured_media":0,"parent":0,"menu_order":100,"comment_status":"closed","ping_status":"closed","template":"","meta":{"ngg_post_thumbnail":0,"footnotes":""},"class_list":["post-72","page","type-page","status-publish","hentry"],"_links":{"self":[{"href":"https:\/\/www.traellerpfeifen.de\/index.php?rest_route=\/wp\/v2\/pages\/72","targetHints":{"allow":["GET"]}}],"collection":[{"href":"https:\/\/www.traellerpfeifen.de\/index.php?rest_route=\/wp\/v2\/pages"}],"about":[{"href":"https:\/\/www.traellerpfeifen.de\/index.php?rest_route=\/wp\/v2\/types\/page"}],"author":[{"embeddable":true,"href":"https:\/\/www.traellerpfeifen.de\/index.php?rest_route=\/wp\/v2\/users\/753"}],"replies":[{"embeddable":true,"href":"https:\/\/www.traellerpfeifen.de\/index.php?rest_route=%2Fwp%2Fv2%2Fcomments&post=72"}],"version-history":[{"count":28,"href":"https:\/\/www.traellerpfeifen.de\/index.php?rest_route=\/wp\/v2\/pages\/72\/revisions"}],"predecessor-version":[{"id":1842,"href":"https:\/\/www.traellerpfeifen.de\/index.php?rest_route=\/wp\/v2\/pages\/72\/revisions\/1842"}],"wp:attachment":[{"href":"https:\/\/www.traellerpfeifen.de\/index.php?rest_route=%2Fwp%2Fv2%2Fmedia&parent=72"}],"curies":[{"name":"wp","href":"https:\/\/api.w.org\/{rel}","templated":true}]}}